{"id":21,"date":"2025-04-25T16:13:12","date_gmt":"2025-04-25T14:13:12","guid":{"rendered":"https:\/\/makcoffee.hu\/?page_id=21"},"modified":"2025-04-26T13:05:28","modified_gmt":"2025-04-26T11:05:28","slug":"arajanlatkeres-foglalas","status":"publish","type":"page","link":"https:\/\/makcoffee.hu\/?page_id=21","title":{"rendered":"\u00c1raj\u00e1nlatk\u00e9r\u00e9s \/ Foglal\u00e1s"},"content":{"rendered":"","protected":false},"excerpt":{"rendered":"","protected":false},"author":1,"featured_media":0,"parent":0,"menu_order":5,"comment_status":"closed","ping_status":"closed","template":"","meta":{"footnotes":""},"class_list":["post-21","page","type-page","status-publish","hentry"],"_links":{"self":[{"href":"https:\/\/makcoffee.hu\/index.php?rest_route=\/wp\/v2\/pages\/21","targetHints":{"allow":["GET"]}}],"collection":[{"href":"https:\/\/makcoffee.hu\/index.php?rest_route=\/wp\/v2\/pages"}],"about":[{"href":"https:\/\/makcoffee.hu\/index.php?rest_route=\/wp\/v2\/types\/page"}],"author":[{"embeddable":true,"href":"https:\/\/makcoffee.hu\/index.php?rest_route=\/wp\/v2\/users\/1"}],"replies":[{"embeddable":true,"href":"https:\/\/makcoffee.hu\/index.php?rest_route=%2Fwp%2Fv2%2Fcomments&post=21"}],"version-history":[{"count":2,"href":"https:\/\/makcoffee.hu\/index.php?rest_route=\/wp\/v2\/pages\/21\/revisions"}],"predecessor-version":[{"id":77,"href":"https:\/\/makcoffee.hu\/index.php?rest_route=\/wp\/v2\/pages\/21\/revisions\/77"}],"wp:attachment":[{"href":"https:\/\/makcoffee.hu\/index.php?rest_route=%2Fwp%2Fv2%2Fmedia&parent=21"}],"curies":[{"name":"wp","href":"https:\/\/api.w.org\/{rel}","templated":true}]}}